{"id":4649,"date":"2020-10-07T11:26:15","date_gmt":"2020-10-07T09:26:15","guid":{"rendered":"https:\/\/ihr-tischler.com\/?page_id=4649"},"modified":"2024-04-04T10:29:34","modified_gmt":"2024-04-04T08:29:34","slug":"impressum","status":"publish","type":"page","link":"https:\/\/ihr-tischler.com\/?page_id=4649","title":{"rendered":"Impressum"},"content":{"rendered":"\n<figure class=\"wp-block-table\">\n<table>\n<tbody>\n<tr>\n<td>\n<p><strong>IHR Tischler GmbH &amp; Co.KG<\/strong><\/p>\n<p>Forstwolfersdorf 35<\/p>\n<p>07570 Harth-P\u00f6llnitz<\/p>\nTelefon: +49 36607 \/ 646-0 Email: <a href=\"mailto:website@ihr-tischler.com\">website@ihr-tischler.com<\/a><\/td>\n<\/tr>\n<tr>\n<td>\n<p><strong>Rechtliche Angaben<\/strong> <br \/>Vertretungsberechtigt:<\/p>\n<p>Martin Scheibe<br \/>USt.ID.nr. gem\u00e4\u00df \u00a7 27 a Umsatzsteuergesetz: DE 163630483<\/p>\n<p>HR.Nr.:HRA200926 \/ HRB 204456<br \/>Inhaltlich Verantwortlicher gem\u00e4\u00df \u00a7 10 Absatz 3MDStV:<\/p>\n<\/td>\n<\/tr>\n<tr>\n<td><strong>Bildquellen und \u2013rechte<\/strong> <br \/>verwendete Fotos und dazugeh\u00f6rige Lizenzen: <br \/>\u00a9 123rf.com \u00a9 \u00a0Referenzbilder Eigent\u00fcmer Martin Scheibe<\/td>\n<\/tr>\n<\/tbody>\n<\/table>\n<\/figure>\n<p>\n\n\n\n<\/p>\r\n<p><strong>Haftungsausschluss:\u00a0<\/strong><\/p>\r\n<p>\n\n\n\n<\/p>\r\n<p><strong>Haftung f\u00fcr Inhalte<\/strong><\/p>\r\n<p>\n\n\n\n<\/p>\r\n<p>Die Inhalte unserer Seiten wurden mit gr\u00f6\u00dfter Sorgfalt erstellt. F\u00fcr die Richtigkeit, Vollst\u00e4ndigkeit und Aktualit\u00e4t der Inhalte k\u00f6nnen wir jedoch keine Gew\u00e4hr \u00fcbernehmen. Als Diensteanbieter sind wir gem\u00e4\u00df \u00a7 7 Abs.1 TMG f\u00fcr eigene Inhalte auf diesen Seiten nach den allgemeinen Gesetzen verantwortlich. Nach \u00a7\u00a7 8 bis 10 TMG sind wir als Diensteanbieter jedoch nicht verpflichtet, \u00fcbermittelte oder gespeicherte fremde Informationen zu \u00fcberwachen oder nach Umst\u00e4nden zu forschen, die auf eine rechtswidrige T\u00e4tigkeit hinweisen. Verpflichtungen zur Entfernung oder Sperrung der Nutzung von Informationen nach den allgemeinen Gesetzen bleiben hiervon unber\u00fchrt. Eine diesbez\u00fcgliche Haftung ist jedoch erst ab dem Zeitpunkt der Kenntnis einer konkreten Rechtsverletzung m\u00f6glich. Bei Bekanntwerden von entsprechenden Rechtsverletzungen werden wir diese Inhalte umgehend entfernen.<\/p>\r\n<p>\n\n\n\n<\/p>\r\n<p><strong>Haftung f\u00fcr Links<\/strong><\/p>\r\n<p>\n\n\n\n<\/p>\r\n<p>Unser Angebot enth\u00e4lt Links zu externen Webseiten Dritter, auf deren Inhalte wir keinen Einfluss haben. Deshalb k\u00f6nnen wir f\u00fcr diese fremden Inhalte auch keine Gew\u00e4hr \u00fcbernehmen. F\u00fcr die Inhalte der verlinkten Seiten ist stets der jeweilige Anbieter oder Betreiber der Seiten verantwortlich. Die verlinkten Seiten wurden zum Zeitpunkt der Verlinkung auf m\u00f6gliche Rechtsverst\u00f6\u00dfe \u00fcberpr\u00fcft. Rechtswidrige Inhalte waren zum Zeitpunkt der Verlinkung nicht erkennbar. Eine permanente inhaltliche Kontrolle der verlinkten Seiten ist jedoch ohne konkrete Anhaltspunkte einer Rechtsverletzung nicht zumutbar. Bei Bekanntwerden von Rechtsverletzungen werden wir derartige Links umgehend entfernen.<\/p>\r\n<p>\n\n\n\n<\/p>\r\n<p><strong>Urheberrecht<\/strong><\/p>\r\n<p>\n\n\n\n<\/p>\r\n<p>Die durch die Seitenbetreiber erstellten Inhalte und Werke auf diesen Seiten unterliegen dem deutschen Urheberrecht. Die Vervielf\u00e4ltigung, Bearbeitung, Verbreitung und jede Art der Verwertung au\u00dferhalb der Grenzen des Urheberrechtes bed\u00fcrfen der schriftlichen Zustimmung des jeweiligen Autors bzw. Erstellers. Downloads und Kopien dieser Seite sind nur f\u00fcr den privaten, nicht kommerziellen Gebrauch gestattet. Soweit die Inhalte auf dieser Seite nicht vom Betreiber erstellt wurden, werden die Urheberrechte Dritter beachtet. Insbesondere werden Inhalte Dritter als solche gekennzeichnet. Sollten Sie trotzdem auf eine Urheberrechtsverletzung aufmerksam werden, bitten wir um einen entsprechenden Hinweis. Bei Bekanntwerden von Rechtsverletzungen werden wir derartige Inhalte umgehend entfernen.<\/p>\n","protected":false},"excerpt":{"rendered":"<p>IHR Tischler GmbH &amp; Co.KG Forstwolfersdorf 35 07570 Harth-P\u00f6llnitz Telefon: +49 36607 \/ 646-0 Email: website@ihr-tischler.com Rechtliche Angaben Vertretungsberechtigt: Martin ScheibeUSt.ID.nr. gem\u00e4\u00df \u00a7 27 a Umsatzsteuergesetz: DE 163630483 HR.Nr.:HRA200926 \/ HRB 204456Inhaltlich Verantwortlicher gem\u00e4\u00df \u00a7 10 Absatz 3MDStV: Bildquellen und \u2013rechte verwendete Fotos und dazugeh\u00f6rige Lizenzen: \u00a9 123rf.com \u00a9 \u00a0Referenzbilder Eigent\u00fcmer Martin Scheibe Haftungsausschluss:\u00a0 Haftung &hellip; <a href=\"https:\/\/ihr-tischler.com\/?page_id=4649\" class=\"more-link\">Continue reading <span class=\"screen-reader-text\">Impressum<\/span><\/a><\/p>\n","protected":false},"author":1,"featured_media":0,"parent":0,"menu_order":0,"comment_status":"closed","ping_status":"closed","template":"","meta":{"footnotes":""},"class_list":["post-4649","page","type-page","status-publish","hentry"],"_links":{"self":[{"href":"https:\/\/ihr-tischler.com\/index.php?rest_route=\/wp\/v2\/pages\/4649","targetHints":{"allow":["GET"]}}],"collection":[{"href":"https:\/\/ihr-tischler.com\/index.php?rest_route=\/wp\/v2\/pages"}],"about":[{"href":"https:\/\/ihr-tischler.com\/index.php?rest_route=\/wp\/v2\/types\/page"}],"author":[{"embeddable":true,"href":"https:\/\/ihr-tischler.com\/index.php?rest_route=\/wp\/v2\/users\/1"}],"replies":[{"embeddable":true,"href":"https:\/\/ihr-tischler.com\/index.php?rest_route=%2Fwp%2Fv2%2Fcomments&post=4649"}],"version-history":[{"count":5,"href":"https:\/\/ihr-tischler.com\/index.php?rest_route=\/wp\/v2\/pages\/4649\/revisions"}],"predecessor-version":[{"id":5008,"href":"https:\/\/ihr-tischler.com\/index.php?rest_route=\/wp\/v2\/pages\/4649\/revisions\/5008"}],"wp:attachment":[{"href":"https:\/\/ihr-tischler.com\/index.php?rest_route=%2Fwp%2Fv2%2Fmedia&parent=4649"}],"curies":[{"name":"wp","href":"https:\/\/api.w.org\/{rel}","templated":true}]}}