{"id":4320,"date":"2020-10-02T10:40:24","date_gmt":"2020-10-02T08:40:24","guid":{"rendered":"https:\/\/ihr-tischler.com\/?page_id=4320"},"modified":"2020-10-08T11:21:08","modified_gmt":"2020-10-08T09:21:08","slug":"praequalifikation","status":"publish","type":"page","link":"https:\/\/ihr-tischler.com\/?page_id=4320","title":{"rendered":"Pr\u00e4qualifikation"},"content":{"rendered":"<div class=\"wpb-content-wrapper\"><p>[vc_row tm_bgimagefixed=&#8221;&#8221; break_in_responsive=&#8221;991&#8243; full_width=&#8221;stretch_row&#8221; css=&#8221;.vc_custom_1601538084654{margin-top: 5px !important;padding-top: 30px !important;padding-bottom: 50px !important;background-image: url(https:\/\/ihr-tischler.com\/wp-content\/uploads\/2019\/02\/row-bg-one-1.png?id=3511) !important;background-position: center !important;background-repeat: no-repeat !important;background-size: cover !important;}&#8221; tm_responsive_css=&#8221;48931351|colbreak_no|||||||||colbreak_no|||||40px||0px||colbreak_no|0px||||10px|||||colbreak_no|||||||||&#8221;][vc_column reduce_extra_padding=&#8221;991&#8243; width=&#8221;1\/2&#8243; tm_responsive_css=&#8221;30619759|colbreak_no|||||||||colbreak_no||||0px|||||colbreak_no||||||||||colbreak_no|||||||||&#8221;][vc_gallery type=&#8221;image_grid&#8221; images=&#8221;4089,4066,4045,4002,4098,3986,3995,3996,3990&#8243; img_size=&#8221;150&#215;150&#8243; css_animation=&#8221;bounceIn&#8221;][\/vc_column][vc_column width=&#8221;1\/2&#8243;]<div class=\"tm-element-heading-wrapper tm-heading-inner tm-element-align-left tm-seperator-solid tm-heading-style-vertical \"><section class=\"tm-vc_cta3-container\"><div class=\"tm-vc_general tm-vc_cta3 tm-cta3-only tm-vc_cta3-style-classic tm-vc_cta3-shape-rounded tm-vc_cta3-align-left tm-vc_cta3-color-transparent tm-vc_cta3-icon-size-md tm-vc_cta3-actions-no tm-cta3-with-desc\"><div class=\"tm-vc_cta3_content-container\"><div class=\"tm-vc_cta3-content\"><header class=\"tm-vc_cta3-content-header tm-wrap\"><div class=\"tm-vc_cta3-headers tm-wrap-cell\"><h2 class=\"tm-custom-heading \" >Pr\u00e4qualifizierung f\u00fcr alle Leistungserbringer<\/h2>\n<\/div><\/header><div class=\"tm-cta3-content-wrapper\"><p>\u00d6ffentliche Auftraggeber (Vergabestellen) k\u00f6nnen sich auf <a href=\"http:\/\/www.pq-verein.de\">www.pq-verein.de<\/a> registrieren bzw. anmelden, um \u00fcber unsere Pr\u00e4qualifizierungsnummer alle kundenbest\u00e4tigten Referenzobjekte, sowie Eignungsnachweise einsehen zu k\u00f6nnen.<\/p>\n<p>Pr\u00e4qualifizierungsnummer: <strong>010.026860<\/strong><\/p><\/div><\/div><\/div><\/div><\/section><\/div> <!-- .tm-element-heading-wrapper container --> [\/vc_column][\/vc_row][vc_row tm_bgimagefixed=&#8221;&#8221; break_in_responsive=&#8221;1200&#8243; full_width=&#8221;stretch_row&#8221; equal_height=&#8221;yes&#8221; css=&#8221;.vc_custom_1602148864868{padding-top: 0px !important;padding-bottom: 50px !important;}&#8221; tm_responsive_css=&#8221;75528216|colbreak_no|||||||||colbreak_no|0px||||||||colbreak_no||||||||||colbreak_no|||||||||&#8221;][vc_column tm_bgcolor=&#8221;skincolor&#8221; reduce_extra_padding=&#8221;991&#8243; tm_col_bg_expand=&#8221;left&#8221; width=&#8221;1\/2&#8243; css=&#8221;.vc_custom_1601536828610{margin-top: 70px !important;padding-top: 20px !important;padding-right: 70px !important;padding-bottom: 17px !important;background-color: #cc0607 !important;}&#8221; tm_responsive_css=&#8221;61385817|colbreak_no|||||||||colbreak_no|40px||||50px|15px|0px||colbreak_no||||||||||colbreak_no|||||||||&#8221;][\/vc_column][vc_column reduce_extra_padding=&#8221;991&#8243; tm_col_bg_expand=&#8221;right&#8221; tm_bgimage_position=&#8221;right_center&#8221; width=&#8221;1\/2&#8243; css=&#8221;.vc_custom_1601467943613{background-position: center !important;background-repeat: no-repeat !important;background-size: cover !important;}&#8221;][\/vc_column][\/vc_row]<\/p>\n<\/div>","protected":false},"excerpt":{"rendered":"<p>[vc_row tm_bgimagefixed=&#8221;&#8221; break_in_responsive=&#8221;991&#8243; full_width=&#8221;stretch_row&#8221; css=&#8221;.vc_custom_1601538084654{margin-top: 5px !important;padding-top: 30px !important;padding-bottom: 50px !important;background-image: url(https:\/\/ihr-tischler.com\/wp-content\/uploads\/2019\/02\/row-bg-one-1.png?id=3511) !important;background-position: center !important;background-repeat: no-repeat !important;background-size: cover !important;}&#8221; tm_responsive_css=&#8221;48931351|colbreak_no|||||||||colbreak_no|||||40px||0px||colbreak_no|0px||||10px|||||colbreak_no|||||||||&#8221;][vc_column reduce_extra_padding=&#8221;991&#8243; width=&#8221;1\/2&#8243; tm_responsive_css=&#8221;30619759|colbreak_no|||||||||colbreak_no||||0px|||||colbreak_no||||||||||colbreak_no|||||||||&#8221;][vc_gallery type=&#8221;image_grid&#8221; images=&#8221;4089,4066,4045,4002,4098,3986,3995,3996,3990&#8243; img_size=&#8221;150&#215;150&#8243; css_animation=&#8221;bounceIn&#8221;][\/vc_column][vc_column width=&#8221;1\/2&#8243;][\/vc_column][\/vc_row][vc_row tm_bgimagefixed=&#8221;&#8221; break_in_responsive=&#8221;1200&#8243; full_width=&#8221;stretch_row&#8221; equal_height=&#8221;yes&#8221; css=&#8221;.vc_custom_1602148864868{padding-top: 0px !important;padding-bottom: 50px !important;}&#8221; tm_responsive_css=&#8221;75528216|colbreak_no|||||||||colbreak_no|0px||||||||colbreak_no||||||||||colbreak_no|||||||||&#8221;][vc_column tm_bgcolor=&#8221;skincolor&#8221; reduce_extra_padding=&#8221;991&#8243; tm_col_bg_expand=&#8221;left&#8221; width=&#8221;1\/2&#8243; css=&#8221;.vc_custom_1601536828610{margin-top: 70px !important;padding-top: 20px !important;padding-right: 70px !important;padding-bottom: 17px !important;background-color: #cc0607 !important;}&#8221; tm_responsive_css=&#8221;61385817|colbreak_no|||||||||colbreak_no|40px||||50px|15px|0px||colbreak_no||||||||||colbreak_no|||||||||&#8221;][\/vc_column][vc_column reduce_extra_padding=&#8221;991&#8243; &hellip; <a href=\"https:\/\/ihr-tischler.com\/?page_id=4320\" class=\"more-link\">Continue reading <span class=\"screen-reader-text\">Pr\u00e4qualifikation<\/span><\/a><\/p>\n","protected":false},"author":1,"featured_media":0,"parent":0,"menu_order":1,"comment_status":"closed","ping_status":"closed","template":"","meta":{"footnotes":""},"class_list":["post-4320","page","type-page","status-publish","hentry"],"_links":{"self":[{"href":"https:\/\/ihr-tischler.com\/index.php?rest_route=\/wp\/v2\/pages\/4320","targetHints":{"allow":["GET"]}}],"collection":[{"href":"https:\/\/ihr-tischler.com\/index.php?rest_route=\/wp\/v2\/pages"}],"about":[{"href":"https:\/\/ihr-tischler.com\/index.php?rest_route=\/wp\/v2\/types\/page"}],"author":[{"embeddable":true,"href":"https:\/\/ihr-tischler.com\/index.php?rest_route=\/wp\/v2\/users\/1"}],"replies":[{"embeddable":true,"href":"https:\/\/ihr-tischler.com\/index.php?rest_route=%2Fwp%2Fv2%2Fcomments&post=4320"}],"version-history":[{"count":8,"href":"https:\/\/ihr-tischler.com\/index.php?rest_route=\/wp\/v2\/pages\/4320\/revisions"}],"predecessor-version":[{"id":4685,"href":"https:\/\/ihr-tischler.com\/index.php?rest_route=\/wp\/v2\/pages\/4320\/revisions\/4685"}],"wp:attachment":[{"href":"https:\/\/ihr-tischler.com\/index.php?rest_route=%2Fwp%2Fv2%2Fmedia&parent=4320"}],"curies":[{"name":"wp","href":"https:\/\/api.w.org\/{rel}","templated":true}]}}