{"id":4148,"date":"2020-10-01T10:03:21","date_gmt":"2020-10-01T08:03:21","guid":{"rendered":"https:\/\/ihr-tischler.com\/?page_id=4148"},"modified":"2020-10-08T11:17:29","modified_gmt":"2020-10-08T09:17:29","slug":"kurzprofil","status":"publish","type":"page","link":"https:\/\/ihr-tischler.com\/?page_id=4148","title":{"rendered":"Kurzprofil"},"content":{"rendered":"<div class=\"wpb-content-wrapper\"><p>[vc_row][vc_column][vc_column_text]<div id=\"metaslider-id-4158\" style=\"width: 100%;\" class=\"ml-slider-3-108-0 metaslider metaslider-flex metaslider-4158 ml-slider has-carousel-mode ml-slider-lightbox-2-23-0 simple-lightbox-2-9-5 ms-theme-cubic nav-hidden\" role=\"region\" aria-label=\"Kurzprofil\" data-height=\"200\" data-width=\"400\">\n    <div id=\"metaslider_container_4158\">\n        <div id=\"metaslider_4158\">\n            <ul class='slides'>\n                <li style=\"display: none; width: 100%;\" class=\"slide-4168 ms-image \" aria-roledescription=\"slide\" data-date=\"2020-10-01 10:43:26\" data-filename=\"Slide3-scaled-e1699516569371-400x200.jpg\" data-slide-type=\"image\"><a href=\"https:\/\/ihr-tischler.com\/wp-content\/uploads\/2020\/10\/Slide3-scaled-e1699516569371.jpg\" data-src=\"https:\/\/ihr-tischler.com\/wp-content\/uploads\/2020\/10\/Slide3-scaled-e1699516569371.jpg\" data-thumb=\"https:\/\/ihr-tischler.com\/wp-content\/uploads\/2020\/10\/Slide3-scaled-e1699516569371-400x200.jpg\" class=\"ml-lightbox-enabled\"><img fetchpriority=\"high\" decoding=\"async\" src=\"https:\/\/ihr-tischler.com\/wp-content\/uploads\/2020\/10\/Slide3-scaled-e1699516569371-400x200.jpg\" height=\"200\" width=\"400\" alt=\"\" class=\"slider-4158 slide-4168 msDefaultImage\" \/><\/a><\/li>\n                <li style=\"display: none; width: 100%;\" class=\"slide-4170 ms-image \" aria-roledescription=\"slide\" data-date=\"2020-10-01 10:43:28\" data-filename=\"S2-scaled-e1699516531850-400x200.jpg\" data-slide-type=\"image\"><a href=\"https:\/\/ihr-tischler.com\/wp-content\/uploads\/2020\/10\/S2-scaled-e1699516531850.jpg\" data-src=\"https:\/\/ihr-tischler.com\/wp-content\/uploads\/2020\/10\/S2-scaled-e1699516531850.jpg\" data-thumb=\"https:\/\/ihr-tischler.com\/wp-content\/uploads\/2020\/10\/S2-scaled-e1699516531850-400x200.jpg\" class=\"ml-lightbox-enabled\"><img decoding=\"async\" src=\"https:\/\/ihr-tischler.com\/wp-content\/uploads\/2020\/10\/S2-scaled-e1699516531850-400x200.jpg\" height=\"200\" width=\"400\" alt=\"\" class=\"slider-4158 slide-4170 msDefaultImage\" \/><\/a><\/li>\n                <li style=\"display: none; width: 100%;\" class=\"slide-4171 ms-image \" aria-roledescription=\"slide\" data-date=\"2020-10-01 10:43:29\" data-filename=\"S4-scaled-e1699516517294-400x200.jpg\" data-slide-type=\"image\"><a href=\"https:\/\/ihr-tischler.com\/wp-content\/uploads\/2020\/10\/S4-scaled-e1699516517294.jpg\" data-src=\"https:\/\/ihr-tischler.com\/wp-content\/uploads\/2020\/10\/S4-scaled-e1699516517294.jpg\" data-thumb=\"https:\/\/ihr-tischler.com\/wp-content\/uploads\/2020\/10\/S4-scaled-e1699516517294-400x200.jpg\" class=\"ml-lightbox-enabled\"><img decoding=\"async\" src=\"https:\/\/ihr-tischler.com\/wp-content\/uploads\/2020\/10\/S4-scaled-e1699516517294-400x200.jpg\" height=\"200\" width=\"400\" alt=\"\" class=\"slider-4158 slide-4171 msDefaultImage\" title=\"S4\" \/><\/a><\/li>\n                <li style=\"display: none; width: 100%;\" class=\"slide-4172 ms-image \" aria-roledescription=\"slide\" data-date=\"2020-10-01 10:43:30\" data-filename=\"S5-e1699516496187-400x200.jpg\" data-slide-type=\"image\"><a href=\"https:\/\/ihr-tischler.com\/wp-content\/uploads\/2020\/10\/S5-e1699516496187.jpg\" data-src=\"https:\/\/ihr-tischler.com\/wp-content\/uploads\/2020\/10\/S5-e1699516496187.jpg\" data-thumb=\"https:\/\/ihr-tischler.com\/wp-content\/uploads\/2020\/10\/S5-e1699516496187-400x200.jpg\" class=\"ml-lightbox-enabled\"><img loading=\"lazy\" decoding=\"async\" src=\"https:\/\/ihr-tischler.com\/wp-content\/uploads\/2020\/10\/S5-e1699516496187-400x200.jpg\" height=\"200\" width=\"400\" alt=\"\" class=\"slider-4158 slide-4172 msDefaultImage\" title=\"S5\" \/><\/a><\/li>\n                <li style=\"display: none; width: 100%;\" class=\"slide-4174 ms-image \" aria-roledescription=\"slide\" data-date=\"2020-10-01 10:43:31\" data-filename=\"S7-e1699516480428-400x200.jpg\" data-slide-type=\"image\"><a href=\"https:\/\/ihr-tischler.com\/wp-content\/uploads\/2020\/10\/S7-e1699516480428.jpg\" data-src=\"https:\/\/ihr-tischler.com\/wp-content\/uploads\/2020\/10\/S7-e1699516480428.jpg\" data-thumb=\"https:\/\/ihr-tischler.com\/wp-content\/uploads\/2020\/10\/S7-e1699516480428-400x200.jpg\" class=\"ml-lightbox-enabled\"><img loading=\"lazy\" decoding=\"async\" src=\"https:\/\/ihr-tischler.com\/wp-content\/uploads\/2020\/10\/S7-e1699516480428-400x200.jpg\" height=\"200\" width=\"400\" alt=\"\" class=\"slider-4158 slide-4174 msDefaultImage\" title=\"S7\" \/><\/a><\/li>\n                <li style=\"display: none; width: 100%;\" class=\"slide-4182 ms-image \" aria-roledescription=\"slide\" data-date=\"2020-10-01 11:42:34\" data-filename=\"B7-400x200.jpg\" data-slide-type=\"image\"><a href=\"https:\/\/ihr-tischler.com\/wp-content\/uploads\/2020\/09\/B7.jpg\" data-src=\"https:\/\/ihr-tischler.com\/wp-content\/uploads\/2020\/09\/B7.jpg\" data-thumb=\"https:\/\/ihr-tischler.com\/wp-content\/uploads\/2020\/09\/B7-400x200.jpg\" class=\"ml-lightbox-enabled\"><img loading=\"lazy\" decoding=\"async\" src=\"https:\/\/ihr-tischler.com\/wp-content\/uploads\/2020\/09\/B7-400x200.jpg\" height=\"200\" width=\"400\" alt=\"\" class=\"slider-4158 slide-4182 msDefaultImage\" title=\"B7\" \/><\/a><\/li>\n                <li style=\"display: none; width: 100%;\" class=\"slide-4184 ms-image \" aria-roledescription=\"slide\" data-date=\"2020-10-01 13:33:09\" data-filename=\"D4-400x200.jpg\" data-slide-type=\"image\"><a href=\"https:\/\/ihr-tischler.com\/wp-content\/uploads\/2020\/09\/D4.jpg\" data-src=\"https:\/\/ihr-tischler.com\/wp-content\/uploads\/2020\/09\/D4.jpg\" data-thumb=\"https:\/\/ihr-tischler.com\/wp-content\/uploads\/2020\/09\/D4-400x200.jpg\" class=\"ml-lightbox-enabled\"><img loading=\"lazy\" decoding=\"async\" src=\"https:\/\/ihr-tischler.com\/wp-content\/uploads\/2020\/09\/D4-400x200.jpg\" height=\"200\" width=\"400\" alt=\"\" class=\"slider-4158 slide-4184 msDefaultImage\" \/><\/a><\/li>\n                <li style=\"display: none; width: 100%;\" class=\"slide-4185 ms-image \" aria-roledescription=\"slide\" data-date=\"2020-10-01 13:33:29\" data-filename=\"A-1-e1601896352475-400x200.jpg\" data-slide-type=\"image\"><a href=\"https:\/\/ihr-tischler.com\/wp-content\/uploads\/2020\/09\/A-1-e1601896352475.jpg\" data-src=\"https:\/\/ihr-tischler.com\/wp-content\/uploads\/2020\/09\/A-1-e1601896352475.jpg\" data-thumb=\"https:\/\/ihr-tischler.com\/wp-content\/uploads\/2020\/09\/A-1-e1601896352475-400x200.jpg\" class=\"ml-lightbox-enabled\"><img loading=\"lazy\" decoding=\"async\" src=\"https:\/\/ihr-tischler.com\/wp-content\/uploads\/2020\/09\/A-1-e1601896352475-400x200.jpg\" height=\"200\" width=\"400\" alt=\"\" class=\"slider-4158 slide-4185 msDefaultImage\" title=\"A\" \/><\/a><\/li>\n                <li style=\"display: none; width: 100%;\" class=\"slide-4187 ms-image \" aria-roledescription=\"slide\" data-date=\"2020-10-01 13:37:01\" data-filename=\"G17-400x200.jpg\" data-slide-type=\"image\"><a href=\"https:\/\/ihr-tischler.com\/wp-content\/uploads\/2020\/09\/G17.jpg\" data-src=\"https:\/\/ihr-tischler.com\/wp-content\/uploads\/2020\/09\/G17.jpg\" data-thumb=\"https:\/\/ihr-tischler.com\/wp-content\/uploads\/2020\/09\/G17-400x200.jpg\" class=\"ml-lightbox-enabled\"><img loading=\"lazy\" decoding=\"async\" src=\"https:\/\/ihr-tischler.com\/wp-content\/uploads\/2020\/09\/G17-400x200.jpg\" height=\"200\" width=\"400\" alt=\"\" class=\"slider-4158 slide-4187 msDefaultImage\" title=\"G17\" \/><\/a><\/li>\n            <\/ul>\n        <\/div>\n        \n    <\/div>\n<\/div>[\/vc_column_text][\/vc_column][\/vc_row][vc_row tm_bgimagefixed=&#8221;&#8221; break_in_responsive=&#8221;991&#8243; full_width=&#8221;stretch_row&#8221; css=&#8221;.vc_custom_1602143715570{padding-top: 10px !important;padding-bottom: 50px !important;background-image: url(https:\/\/ihr-tischler.com\/wp-content\/uploads\/2019\/02\/row-bg-one-1.png?id=3511) !important;background-position: center !important;background-repeat: no-repeat !important;background-size: cover !important;}&#8221; tm_responsive_css=&#8221;48931351|colbreak_no|||||||||colbreak_no|||||40px||0px||colbreak_no|0px||||10px|||||colbreak_no|||||||||&#8221;][vc_column reduce_extra_padding=&#8221;991&#8243; width=&#8221;1\/2&#8243; tm_responsive_css=&#8221;30619759|colbreak_no|||||||||colbreak_no||||0px|||||colbreak_no||||||||||colbreak_no|||||||||&#8221;]<div class=\"tm-element-heading-wrapper tm-heading-inner tm-element-align-left tm-seperator-solid tm-heading-style-vertical \"><section class=\"tm-vc_cta3-container\"><div class=\"tm-vc_general tm-vc_cta3 tm-cta3-only tm-vc_cta3-style-classic tm-vc_cta3-shape-rounded tm-vc_cta3-align-left tm-vc_cta3-color-transparent tm-vc_cta3-icon-size-md tm-vc_cta3-actions-no tm-cta3-with-desc\"><div class=\"tm-vc_cta3_content-container\"><div class=\"tm-vc_cta3-content\"><header class=\"tm-vc_cta3-content-header tm-wrap\"><div class=\"tm-vc_cta3-headers tm-wrap-cell\"><h2 class=\"tm-custom-heading \" >IHR Tischler GmbH Co.KG Thomas Scheibe<\/h2>\n<\/div><\/header><div class=\"tm-cta3-content-wrapper\"><p>ist ein mittelst\u00e4ndisches, handwerkliches Familienunternehmen im ostth\u00fcringischen Forstwolfersdorf (Gemeinde Harth-P\u00f6llnitz), welches am 23.09.1990 als Tischlerei gegr\u00fcndet wurde. Heute liegt unser Leistungsspektrum \u2013 welchem wir deutschlandweit nachgehen \u2013 vorwiegend im Zimmereihandwerk, dem Ingenieurholzbau sowie dem Fassadenbau.<\/p>\n<p>Leistungen des Tischlereigewerkes wie T\u00fcren, Fenster oder Treppen k\u00f6nnen ebenfalls bezogen oder in unserer Werkstatt gefertigt werden.<\/p>\n<p>Somit kann unser momentan aus 26 Mitarbeitern bestehendes Team \u2013 davon 7 Vorarbeiter, 2 Bauingenieure und 3 Meister \u2013 Ihnen Dienstleistungen und Produkte aus den folgenden Bereichen bieten:<\/p><\/div><\/div><\/div><\/div><\/section><\/div> <!-- .tm-element-heading-wrapper container --> [\/vc_column][vc_column width=&#8221;1\/2&#8243; css=&#8221;.vc_custom_1602144465334{padding-top: -40px !important;}&#8221;][vc_column_text]<\/p>\n<ul>\n<li>\n<h5>Wohn- und Sonderbauten in Massivholz-, Holzrahmen- oder Holzskelettbauweise<\/h5>\n<\/li>\n<li>\n<h5>Dachstuhlkonstruktionen<\/h5>\n<\/li>\n<li>\n<h5>Fachwerkbauten<\/h5>\n<\/li>\n<li>\n<h5>Fassadenverkleidungen inkl. Unterkonstruktion und D\u00e4mmung<\/h5>\n<\/li>\n<li>\n<h5>Altbausanierungen einschlie\u00dflich Reproduzierungen historischer Bauten<\/h5>\n<\/li>\n<li>\n<h5>Dacheindeckungen<\/h5>\n<\/li>\n<li>\n<h5>Innenausbau<\/h5>\n<\/li>\n<li>\n<h5>Holztreppen<\/h5>\n<\/li>\n<li>\n<h5>Haus- und Innent\u00fcren sowie Tore<\/h5>\n<\/li>\n<li>\n<h5>Fenster<\/h5>\n<\/li>\n<\/ul>\n<p>[\/vc_column_text][\/vc_column][\/vc_row][vc_row tm_bgimagefixed=&#8221;&#8221; break_in_responsive=&#8221;1200&#8243; full_width=&#8221;stretch_row&#8221; equal_height=&#8221;yes&#8221; css=&#8221;.vc_custom_1602148645838{padding-top: 0px !important;padding-bottom: 50px !important;}&#8221; tm_responsive_css=&#8221;75528216|colbreak_no|||||||||colbreak_no|0px||||||||colbreak_no||||||||||colbreak_no|||||||||&#8221;][vc_column tm_bgcolor=&#8221;skincolor&#8221; reduce_extra_padding=&#8221;991&#8243; tm_col_bg_expand=&#8221;left&#8221; width=&#8221;1\/2&#8243; css=&#8221;.vc_custom_1601536828610{margin-top: 70px !important;padding-top: 20px !important;padding-right: 70px !important;padding-bottom: 17px !important;background-color: #cc0607 !important;}&#8221; tm_responsive_css=&#8221;61385817|colbreak_no|||||||||colbreak_no|40px||||50px|15px|0px||colbreak_no||||||||||colbreak_no|||||||||&#8221;][\/vc_column][vc_column reduce_extra_padding=&#8221;991&#8243; tm_col_bg_expand=&#8221;right&#8221; tm_bgimage_position=&#8221;right_center&#8221; width=&#8221;1\/2&#8243; css=&#8221;.vc_custom_1601467943613{background-position: center !important;background-repeat: no-repeat !important;background-size: cover !important;}&#8221;][\/vc_column][\/vc_row]<\/p>\n<\/div>","protected":false},"excerpt":{"rendered":"<p>[vc_row][vc_column][vc_column_text][\/vc_column_text][\/vc_column][\/vc_row][vc_row tm_bgimagefixed=&#8221;&#8221; break_in_responsive=&#8221;991&#8243; full_width=&#8221;stretch_row&#8221; css=&#8221;.vc_custom_1602143715570{padding-top: 10px !important;padding-bottom: 50px !important;background-image: url(https:\/\/ihr-tischler.com\/wp-content\/uploads\/2019\/02\/row-bg-one-1.png?id=3511) !important;background-position: center !important;background-repeat: no-repeat !important;background-size: cover !important;}&#8221; tm_responsive_css=&#8221;48931351|colbreak_no|||||||||colbreak_no|||||40px||0px||colbreak_no|0px||||10px|||||colbreak_no|||||||||&#8221;][vc_column reduce_extra_padding=&#8221;991&#8243; width=&#8221;1\/2&#8243; tm_responsive_css=&#8221;30619759|colbreak_no|||||||||colbreak_no||||0px|||||colbreak_no||||||||||colbreak_no|||||||||&#8221;][\/vc_column][vc_column width=&#8221;1\/2&#8243; css=&#8221;.vc_custom_1602144465334{padding-top: -40px !important;}&#8221;][vc_column_text] Wohn- und Sonderbauten in Massivholz-, Holzrahmen- oder Holzskelettbauweise Dachstuhlkonstruktionen Fachwerkbauten Fassadenverkleidungen inkl. Unterkonstruktion und D\u00e4mmung Altbausanierungen einschlie\u00dflich Reproduzierungen historischer Bauten Dacheindeckungen Innenausbau Holztreppen Haus- und Innent\u00fcren sowie Tore Fenster [\/vc_column_text][\/vc_column][\/vc_row][vc_row &hellip; <a href=\"https:\/\/ihr-tischler.com\/?page_id=4148\" class=\"more-link\">Continue reading <span class=\"screen-reader-text\">Kurzprofil<\/span><\/a><\/p>\n","protected":false},"author":1,"featured_media":0,"parent":0,"menu_order":1,"comment_status":"closed","ping_status":"closed","template":"","meta":{"footnotes":""},"class_list":["post-4148","page","type-page","status-publish","hentry"],"_links":{"self":[{"href":"https:\/\/ihr-tischler.com\/index.php?rest_route=\/wp\/v2\/pages\/4148","targetHints":{"allow":["GET"]}}],"collection":[{"href":"https:\/\/ihr-tischler.com\/index.php?rest_route=\/wp\/v2\/pages"}],"about":[{"href":"https:\/\/ihr-tischler.com\/index.php?rest_route=\/wp\/v2\/types\/page"}],"author":[{"embeddable":true,"href":"https:\/\/ihr-tischler.com\/index.php?rest_route=\/wp\/v2\/users\/1"}],"replies":[{"embeddable":true,"href":"https:\/\/ihr-tischler.com\/index.php?rest_route=%2Fwp%2Fv2%2Fcomments&post=4148"}],"version-history":[{"count":15,"href":"https:\/\/ihr-tischler.com\/index.php?rest_route=\/wp\/v2\/pages\/4148\/revisions"}],"predecessor-version":[{"id":4673,"href":"https:\/\/ihr-tischler.com\/index.php?rest_route=\/wp\/v2\/pages\/4148\/revisions\/4673"}],"wp:attachment":[{"href":"https:\/\/ihr-tischler.com\/index.php?rest_route=%2Fwp%2Fv2%2Fmedia&parent=4148"}],"curies":[{"name":"wp","href":"https:\/\/api.w.org\/{rel}","templated":true}]}}